{"id":5730,"date":"2023-12-16T10:34:34","date_gmt":"2023-12-16T09:34:34","guid":{"rendered":"https:\/\/www.contesdudesert.com\/?page_id=5730"},"modified":"2024-01-09T14:24:04","modified_gmt":"2024-01-09T13:24:04","slug":"yoga-and-desert-retreat","status":"publish","type":"page","link":"https:\/\/www.contesdudesert.com\/en\/yoga-and-desert-retreat\/","title":{"rendered":"Yoga and Desert Retreat"},"content":{"rendered":"<p>[vc_row content_placement=&#8221;top&#8221; row_content_width=&#8221;grid&#8221;][vc_column offset=&#8221;vc_col-lg-offset-0 vc_col-lg-7 vc_col-md-offset-0 vc_col-md-10 vc_col-sm-offset-0&#8243;]<div class=\"qodef-elements-holder   qodef-one-column  qodef-responsive-mode-768 \" ><div class=\"qodef-eh-item    \"  data-item-class=\"qodef-eh-custom-2347\" data-1367-1600=\"0px\" data-1025-1366=\"0px\" data-769-1024=\"0px\" data-681-768=\"0px\" data-680=\"0px\">\n\t<div class=\"qodef-eh-item-inner\">\n\t\t<div class=\"qodef-eh-item-content qodef-eh-custom-2347\" style=\"padding: 155px 0 170px 0\">\n\t\t\t<div class=\"qodef-section-title-holder \" >\n\t<div class=\"qodef-st-inner\">\n\t\t\t\t\t\t\t<h2 class=\"qodef-st-title\" >\n\t\t\t\tYoga and Desert Retreat\t\t\t<\/h2>\n\t\t\t\t\t\t\t<p class=\"qodef-st-text\" style=\"font-size: 17px;line-height: 28px;margin-top: 15px\">\n\t\t\t\tImmerse yourself in an unparalleled yoga retreat at Contes du D\u00e9sert, located in the heart of the Sahara, among the majestic dunes of M'hamid. Here, silence whispers, peace becomes tangible and the magic of the environment merges with your yoga practice.our facilities offer the perfect setting for a transformative retreat. The desert, with its vastness and serenity, invites you to disconnect from the outside world and connect deeply with yourself. Every breath becomes more conscious and every asana takes on a new dimension as you glide across the golden dunes.At Contes Du D\u00e9sert, we understand the needs of yoga masters and instructors. That's why we've created services specially designed to meet your needs.\t\t\t<\/p>\n\t\t\t<\/div>\n<\/div>[vc_column_text][\/vc_column_text]\t\t<\/div>\n\t<\/div>\n<\/div><\/div>[\/vc_column][vc_column offset=&#8221;vc_col-lg-offset-0 vc_col-lg-5 vc_col-md-offset-0 vc_col-md-10 vc_col-sm-offset-0 vc_col-xs-12&#8243;]<div class=\"qodef-elements-holder   qodef-one-column  qodef-responsive-mode-768 \" ><div class=\"qodef-eh-item    \"  data-item-class=\"qodef-eh-custom-3997\" data-1367-1600=\"0px\" data-1025-1366=\"0px\" data-769-1024=\"0px\" data-681-768=\"0px\" data-680=\"0px\">\n\t<div class=\"qodef-eh-item-inner\">\n\t\t<div class=\"qodef-eh-item-content qodef-eh-custom-3997\" style=\"padding: 0px\">\n\t\t\t[vc_single_image image=&#8221;5605&#8243; img_size=&#8221;full&#8221;]\t\t<\/div>\n\t<\/div>\n<\/div><\/div>[\/vc_column][\/vc_row][vc_row content_placement=&#8221;top&#8221; row_content_width=&#8221;grid&#8221;][vc_column offset=&#8221;vc_col-lg-offset-0 vc_col-lg-7 vc_col-md-offset-0 vc_col-md-10 vc_col-sm-offset-0&#8243;]<div class=\"qodef-elements-holder   qodef-one-column  qodef-responsive-mode-768 \" ><div class=\"qodef-eh-item    \"  data-item-class=\"qodef-eh-custom-3652\" data-1367-1600=\"0px\" data-1025-1366=\"0px\" data-769-1024=\"0px\" data-681-768=\"0px\" data-680=\"0px\">\n\t<div class=\"qodef-eh-item-inner\">\n\t\t<div class=\"qodef-eh-item-content qodef-eh-custom-3652\" style=\"padding: 0px\">\n\t\t\t[vc_single_image image=&#8221;5587&#8243; img_size=&#8221;full&#8221;]\t\t<\/div>\n\t<\/div>\n<\/div><\/div>[\/vc_column][vc_column offset=&#8221;vc_col-lg-offset-0 vc_col-lg-5 vc_col-md-offset-0 vc_col-md-10 vc_col-sm-offset-0 vc_col-xs-12&#8243;]<div class=\"qodef-elements-holder   qodef-one-column  qodef-responsive-mode-768 \" ><div class=\"qodef-eh-item    \"  data-item-class=\"qodef-eh-custom-1519\" data-1367-1600=\"0px\" data-1025-1366=\"0px\" data-769-1024=\"0px\" data-681-768=\"0px\" data-680=\"0px\">\n\t<div class=\"qodef-eh-item-inner\">\n\t\t<div class=\"qodef-eh-item-content qodef-eh-custom-1519\" style=\"padding: 0px\">\n\t\t\t<div class=\"qodef-section-title-holder \" >\n\t<div class=\"qodef-st-inner\">\n\t\t\t\t\t\t\t<h2 class=\"qodef-st-title\" >\n\t\t\t\tYoga Contes Du D\u00e9sert\t\t\t<\/h2>\n\t\t\t\t\t\t\t<p class=\"qodef-st-text\" style=\"font-size: 17px;line-height: 28px;margin-top: 15px\">\n\t\t\t\tYou can coming your students and share the experience of an unforgettable retreat in this unique environment.Our team is committed to providing you with support and assistance in organizing yoga events. Imagine meditating at dawn, as the sun tints the sky with warm hues and the dunes come alive with the first rays of light. Imagine practicing asana at sunset, blending into the beauty of the desert's changing colors.<br \/>\nAt Contes Du D\u00e9sert, these dreams come true. Discover the magic of a yoga retreat at Contes Du D\u00e9sert. Immerse yourself in the essence of the Sahara and let its vastness and energy inspire your practice. Experience inner peace, rejuvenation and a connection with nature in a truly unique environment. Your journey to self-improvement begins here.\t\t\t<\/p>\n\t\t\t<\/div>\n<\/div>\t\t<\/div>\n\t<\/div>\n<\/div><\/div>[\/vc_column][\/vc_row]<\/p>\n","protected":false},"excerpt":{"rendered":"<p>[vc_row content_placement=&#8221;top&#8221; row_content_width=&#8221;grid&#8221;][vc_column offset=&#8221;vc_col-lg-offset-0 vc_col-lg-7 vc_col-md-offset-0 vc_col-md-10 vc_col-sm-offset-0&#8243;][\/vc_column][vc_column offset=&#8221;vc_col-lg-offset-0 vc_col-lg-5 vc_col-md-offset-0 vc_col-md-10 vc_col-sm-offset-0 vc_col-xs-12&#8243;][\/vc_column][\/vc_row][vc_row content_placement=&#8221;top&#8221; row_content_width=&#8221;grid&#8221;][vc_column offset=&#8221;vc_col-lg-offset-0 vc_col-lg-7 vc_col-md-offset-0 vc_col-md-10 vc_col-sm-offset-0&#8243;][\/vc_column][vc_column offset=&#8221;vc_col-lg-offset-0 vc_col-lg-5 vc_col-md-offset-0 vc_col-md-10 vc_col-sm-offset-0 vc_col-xs-12&#8243;][\/vc_column][\/vc_row]<\/p>\n","protected":false},"author":1,"featured_media":5571,"parent":0,"menu_order":0,"comment_status":"closed","ping_status":"closed","template":"","meta":{"om_disable_all_campaigns":false,"_monsterinsights_skip_tracking":false,"_monsterinsights_sitenote_active":false,"_monsterinsights_sitenote_note":"","_monsterinsights_sitenote_category":0,"footnotes":""},"class_list":["post-5730","page","type-page","status-publish","has-post-thumbnail","hentry"],"yoast_head":"<!-- This site is optimized with the Yoast SEO plugin v22.6 - https:\/\/yoast.com\/wordpress\/plugins\/seo\/ -->\n<title>Yoga and Desert Retreat - Contes Du Desert<\/title>\n<meta name=\"description\" content=\"D\u00e9couvrez les merveilles du d\u00e9sert marocain avec Contes Du D\u00e9sert ! Nos visites guid\u00e9es, allant d&#039;une journ\u00e9e \u00e0 trois semaines, sont con\u00e7ues sur mesure pour satisfaire vos int\u00e9r\u00eats et vos d\u00e9sirs. Implant\u00e9s \u00e0 Mhamid el Ghizlane, au c\u0153ur du sud-est marocain, nous sommes fiers de notre \u00e9quipe professionnelle de guides multilingues. Laissez vous envo\u00fbter par l&#039;aventure et la culture du d\u00e9sert avec nous.\" \/>\n<meta name=\"robots\" content=\"index, follow, max-snippet:-1, max-image-preview:large, max-video-preview:-1\" \/>\n<link rel=\"canonical\" href=\"https:\/\/www.contesdudesert.com\/en\/yoga-and-desert-retreat\/\" \/>\n<meta property=\"og:locale\" content=\"en_US\" \/>\n<meta property=\"og:type\" content=\"article\" \/>\n<meta property=\"og:title\" content=\"Yoga and Desert Retreat - Contes Du Desert\" \/>\n<meta property=\"og:description\" content=\"D\u00e9couvrez les merveilles du d\u00e9sert marocain avec Contes Du D\u00e9sert ! Nos visites guid\u00e9es, allant d&#039;une journ\u00e9e \u00e0 trois semaines, sont con\u00e7ues sur mesure pour satisfaire vos int\u00e9r\u00eats et vos d\u00e9sirs. Implant\u00e9s \u00e0 Mhamid el Ghizlane, au c\u0153ur du sud-est marocain, nous sommes fiers de notre \u00e9quipe professionnelle de guides multilingues. Laissez vous envo\u00fbter par l&#039;aventure et la culture du d\u00e9sert avec nous.\" \/>\n<meta property=\"og:url\" content=\"https:\/\/www.contesdudesert.com\/en\/yoga-and-desert-retreat\/\" \/>\n<meta property=\"og:site_name\" content=\"Contes Du Desert\" \/>\n<meta property=\"article:modified_time\" content=\"2024-01-09T13:24:04+00:00\" \/>\n<meta property=\"og:image\" content=\"https:\/\/www.contesdudesert.com\/wp-content\/uploads\/2018\/09\/desert-mhamid-contes.jpg\" \/>\n\t<meta property=\"og:image:width\" content=\"2015\" \/>\n\t<meta property=\"og:image:height\" content=\"1152\" \/>\n\t<meta property=\"og:image:type\" content=\"image\/jpeg\" \/>\n<meta name=\"twitter:card\" content=\"summary_large_image\" \/>\n<meta name=\"twitter:label1\" content=\"Est. reading time\" \/>\n\t<meta name=\"twitter:data1\" content=\"3 minutes\" \/>\n<script type=\"application\/ld+json\" class=\"yoast-schema-graph\">{\"@context\":\"https:\/\/schema.org\",\"@graph\":[{\"@type\":\"WebPage\",\"@id\":\"https:\/\/www.contesdudesert.com\/en\/yoga-and-desert-retreat\/\",\"url\":\"https:\/\/www.contesdudesert.com\/en\/yoga-and-desert-retreat\/\",\"name\":\"Yoga and Desert Retreat - Contes Du Desert\",\"isPartOf\":{\"@id\":\"https:\/\/www.contesdudesert.com\/#website\"},\"primaryImageOfPage\":{\"@id\":\"https:\/\/www.contesdudesert.com\/en\/yoga-and-desert-retreat\/#primaryimage\"},\"image\":{\"@id\":\"https:\/\/www.contesdudesert.com\/en\/yoga-and-desert-retreat\/#primaryimage\"},\"thumbnailUrl\":\"https:\/\/www.contesdudesert.com\/wp-content\/uploads\/2018\/09\/desert-mhamid-contes.jpg\",\"datePublished\":\"2023-12-16T09:34:34+00:00\",\"dateModified\":\"2024-01-09T13:24:04+00:00\",\"description\":\"D\u00e9couvrez les merveilles du d\u00e9sert marocain avec Contes Du D\u00e9sert ! Nos visites guid\u00e9es, allant d'une journ\u00e9e \u00e0 trois semaines, sont con\u00e7ues sur mesure pour satisfaire vos int\u00e9r\u00eats et vos d\u00e9sirs. Implant\u00e9s \u00e0 Mhamid el Ghizlane, au c\u0153ur du sud-est marocain, nous sommes fiers de notre \u00e9quipe professionnelle de guides multilingues. Laissez vous envo\u00fbter par l'aventure et la culture du d\u00e9sert avec nous.\",\"breadcrumb\":{\"@id\":\"https:\/\/www.contesdudesert.com\/en\/yoga-and-desert-retreat\/#breadcrumb\"},\"inLanguage\":\"en-US\",\"potentialAction\":[{\"@type\":\"ReadAction\",\"target\":[\"https:\/\/www.contesdudesert.com\/en\/yoga-and-desert-retreat\/\"]}]},{\"@type\":\"ImageObject\",\"inLanguage\":\"en-US\",\"@id\":\"https:\/\/www.contesdudesert.com\/en\/yoga-and-desert-retreat\/#primaryimage\",\"url\":\"https:\/\/www.contesdudesert.com\/wp-content\/uploads\/2018\/09\/desert-mhamid-contes.jpg\",\"contentUrl\":\"https:\/\/www.contesdudesert.com\/wp-content\/uploads\/2018\/09\/desert-mhamid-contes.jpg\",\"width\":2015,\"height\":1152},{\"@type\":\"BreadcrumbList\",\"@id\":\"https:\/\/www.contesdudesert.com\/en\/yoga-and-desert-retreat\/#breadcrumb\",\"itemListElement\":[{\"@type\":\"ListItem\",\"position\":1,\"name\":\"Accueil\",\"item\":\"https:\/\/www.contesdudesert.com\/en\/contes-du-desert-trekking-in-desert\/\"},{\"@type\":\"ListItem\",\"position\":2,\"name\":\"Yoga and Desert Retreat\"}]},{\"@type\":\"WebSite\",\"@id\":\"https:\/\/www.contesdudesert.com\/#website\",\"url\":\"https:\/\/www.contesdudesert.com\/\",\"name\":\"Contes Du Desert\",\"description\":\"Maroc Desert Trek pas cher\",\"publisher\":{\"@id\":\"https:\/\/www.contesdudesert.com\/#organization\"},\"potentialAction\":[{\"@type\":\"SearchAction\",\"target\":{\"@type\":\"EntryPoint\",\"urlTemplate\":\"https:\/\/www.contesdudesert.com\/?s={search_term_string}\"},\"query-input\":\"required name=search_term_string\"}],\"inLanguage\":\"en-US\"},{\"@type\":\"Organization\",\"@id\":\"https:\/\/www.contesdudesert.com\/#organization\",\"name\":\"Contes Du Desert\",\"url\":\"https:\/\/www.contesdudesert.com\/\",\"logo\":{\"@type\":\"ImageObject\",\"inLanguage\":\"en-US\",\"@id\":\"https:\/\/www.contesdudesert.com\/#\/schema\/logo\/image\/\",\"url\":\"https:\/\/www.contesdudesert.com\/wp-content\/uploads\/2018\/09\/contes-du-desert-1.png\",\"contentUrl\":\"https:\/\/www.contesdudesert.com\/wp-content\/uploads\/2018\/09\/contes-du-desert-1.png\",\"width\":263,\"height\":86,\"caption\":\"Contes Du Desert\"},\"image\":{\"@id\":\"https:\/\/www.contesdudesert.com\/#\/schema\/logo\/image\/\"}}]}<\/script>\n<!-- \/ Yoast SEO plugin. -->","yoast_head_json":{"title":"Yoga and Desert Retreat - Contes Du Desert","description":"D\u00e9couvrez les merveilles du d\u00e9sert marocain avec Contes Du D\u00e9sert ! Nos visites guid\u00e9es, allant d'une journ\u00e9e \u00e0 trois semaines, sont con\u00e7ues sur mesure pour satisfaire vos int\u00e9r\u00eats et vos d\u00e9sirs. Implant\u00e9s \u00e0 Mhamid el Ghizlane, au c\u0153ur du sud-est marocain, nous sommes fiers de notre \u00e9quipe professionnelle de guides multilingues. Laissez vous envo\u00fbter par l'aventure et la culture du d\u00e9sert avec nous.","robots":{"index":"index","follow":"follow","max-snippet":"max-snippet:-1","max-image-preview":"max-image-preview:large","max-video-preview":"max-video-preview:-1"},"canonical":"https:\/\/www.contesdudesert.com\/en\/yoga-and-desert-retreat\/","og_locale":"en_US","og_type":"article","og_title":"Yoga and Desert Retreat - Contes Du Desert","og_description":"D\u00e9couvrez les merveilles du d\u00e9sert marocain avec Contes Du D\u00e9sert ! Nos visites guid\u00e9es, allant d'une journ\u00e9e \u00e0 trois semaines, sont con\u00e7ues sur mesure pour satisfaire vos int\u00e9r\u00eats et vos d\u00e9sirs. Implant\u00e9s \u00e0 Mhamid el Ghizlane, au c\u0153ur du sud-est marocain, nous sommes fiers de notre \u00e9quipe professionnelle de guides multilingues. Laissez vous envo\u00fbter par l'aventure et la culture du d\u00e9sert avec nous.","og_url":"https:\/\/www.contesdudesert.com\/en\/yoga-and-desert-retreat\/","og_site_name":"Contes Du Desert","article_modified_time":"2024-01-09T13:24:04+00:00","og_image":[{"width":2015,"height":1152,"url":"https:\/\/www.contesdudesert.com\/wp-content\/uploads\/2018\/09\/desert-mhamid-contes.jpg","type":"image\/jpeg"}],"twitter_card":"summary_large_image","twitter_misc":{"Est. reading time":"3 minutes"},"schema":{"@context":"https:\/\/schema.org","@graph":[{"@type":"WebPage","@id":"https:\/\/www.contesdudesert.com\/en\/yoga-and-desert-retreat\/","url":"https:\/\/www.contesdudesert.com\/en\/yoga-and-desert-retreat\/","name":"Yoga and Desert Retreat - Contes Du Desert","isPartOf":{"@id":"https:\/\/www.contesdudesert.com\/#website"},"primaryImageOfPage":{"@id":"https:\/\/www.contesdudesert.com\/en\/yoga-and-desert-retreat\/#primaryimage"},"image":{"@id":"https:\/\/www.contesdudesert.com\/en\/yoga-and-desert-retreat\/#primaryimage"},"thumbnailUrl":"https:\/\/www.contesdudesert.com\/wp-content\/uploads\/2018\/09\/desert-mhamid-contes.jpg","datePublished":"2023-12-16T09:34:34+00:00","dateModified":"2024-01-09T13:24:04+00:00","description":"D\u00e9couvrez les merveilles du d\u00e9sert marocain avec Contes Du D\u00e9sert ! Nos visites guid\u00e9es, allant d'une journ\u00e9e \u00e0 trois semaines, sont con\u00e7ues sur mesure pour satisfaire vos int\u00e9r\u00eats et vos d\u00e9sirs. Implant\u00e9s \u00e0 Mhamid el Ghizlane, au c\u0153ur du sud-est marocain, nous sommes fiers de notre \u00e9quipe professionnelle de guides multilingues. Laissez vous envo\u00fbter par l'aventure et la culture du d\u00e9sert avec nous.","breadcrumb":{"@id":"https:\/\/www.contesdudesert.com\/en\/yoga-and-desert-retreat\/#breadcrumb"},"inLanguage":"en-US","potentialAction":[{"@type":"ReadAction","target":["https:\/\/www.contesdudesert.com\/en\/yoga-and-desert-retreat\/"]}]},{"@type":"ImageObject","inLanguage":"en-US","@id":"https:\/\/www.contesdudesert.com\/en\/yoga-and-desert-retreat\/#primaryimage","url":"https:\/\/www.contesdudesert.com\/wp-content\/uploads\/2018\/09\/desert-mhamid-contes.jpg","contentUrl":"https:\/\/www.contesdudesert.com\/wp-content\/uploads\/2018\/09\/desert-mhamid-contes.jpg","width":2015,"height":1152},{"@type":"BreadcrumbList","@id":"https:\/\/www.contesdudesert.com\/en\/yoga-and-desert-retreat\/#breadcrumb","itemListElement":[{"@type":"ListItem","position":1,"name":"Accueil","item":"https:\/\/www.contesdudesert.com\/en\/contes-du-desert-trekking-in-desert\/"},{"@type":"ListItem","position":2,"name":"Yoga and Desert Retreat"}]},{"@type":"WebSite","@id":"https:\/\/www.contesdudesert.com\/#website","url":"https:\/\/www.contesdudesert.com\/","name":"Contes Du Desert","description":"Maroc Desert Trek pas cher","publisher":{"@id":"https:\/\/www.contesdudesert.com\/#organization"},"potentialAction":[{"@type":"SearchAction","target":{"@type":"EntryPoint","urlTemplate":"https:\/\/www.contesdudesert.com\/?s={search_term_string}"},"query-input":"required name=search_term_string"}],"inLanguage":"en-US"},{"@type":"Organization","@id":"https:\/\/www.contesdudesert.com\/#organization","name":"Contes Du Desert","url":"https:\/\/www.contesdudesert.com\/","logo":{"@type":"ImageObject","inLanguage":"en-US","@id":"https:\/\/www.contesdudesert.com\/#\/schema\/logo\/image\/","url":"https:\/\/www.contesdudesert.com\/wp-content\/uploads\/2018\/09\/contes-du-desert-1.png","contentUrl":"https:\/\/www.contesdudesert.com\/wp-content\/uploads\/2018\/09\/contes-du-desert-1.png","width":263,"height":86,"caption":"Contes Du Desert"},"image":{"@id":"https:\/\/www.contesdudesert.com\/#\/schema\/logo\/image\/"}}]}},"_links":{"self":[{"href":"https:\/\/www.contesdudesert.com\/en\/wp-json\/wp\/v2\/pages\/5730","targetHints":{"allow":["GET"]}}],"collection":[{"href":"https:\/\/www.contesdudesert.com\/en\/wp-json\/wp\/v2\/pages"}],"about":[{"href":"https:\/\/www.contesdudesert.com\/en\/wp-json\/wp\/v2\/types\/page"}],"author":[{"embeddable":true,"href":"https:\/\/www.contesdudesert.com\/en\/wp-json\/wp\/v2\/users\/1"}],"replies":[{"embeddable":true,"href":"https:\/\/www.contesdudesert.com\/en\/wp-json\/wp\/v2\/comments?post=5730"}],"version-history":[{"count":3,"href":"https:\/\/www.contesdudesert.com\/en\/wp-json\/wp\/v2\/pages\/5730\/revisions"}],"predecessor-version":[{"id":5733,"href":"https:\/\/www.contesdudesert.com\/en\/wp-json\/wp\/v2\/pages\/5730\/revisions\/5733"}],"wp:featuredmedia":[{"embeddable":true,"href":"https:\/\/www.contesdudesert.com\/en\/wp-json\/wp\/v2\/media\/5571"}],"wp:attachment":[{"href":"https:\/\/www.contesdudesert.com\/en\/wp-json\/wp\/v2\/media?parent=5730"}],"curies":[{"name":"wp","href":"https:\/\/api.w.org\/{rel}","templated":true}]}}