{"id":6234,"date":"2025-02-10T02:57:26","date_gmt":"2025-02-10T01:57:26","guid":{"rendered":"https:\/\/www.contesdudesert.com\/?page_id=6234"},"modified":"2025-03-28T19:12:39","modified_gmt":"2025-03-28T18:12:39","slug":"tours-4x4-in-morocco","status":"publish","type":"page","link":"https:\/\/www.contesdudesert.com\/en\/tours-4x4-in-morocco\/","title":{"rendered":"Tours 4&#215;4 in Morocco"},"content":{"rendered":"<p>[vc_row][vc_column]<div class=\"qodef-tours-list-holder qodef-tours-row qodef-normal-space  qodef-info-skin-light qodef-tours-columns-3 qodef-tours-type-standard\">\n\t\t\t\n\t\t\n        <div class=\"qodef-tours-list-holder-inner qodef-tours-row-inner-holder qodef-outer-space\">\n\t\t\t<div class=\"qodef-tours-list-grid-sizer\"><\/div>\n\t\t\t\t\t<div class=\"qodef-tours-standard-item qodef-tours-row-item qodef-item-space post-6228 tour-item type-tour-item status-publish has-post-thumbnail hentry tour-category-tours-4x4-in-morocco\">\n\t<div class=\"qodef-tour-standard-item-holder\">\n\t\t\t\t<div class=\"qodef-tour-standard-item-holder-inner\">\n\t\t\t\t\t\t\t<div class=\"qodef-tours-standard-item-image-holder\">\n\t\t\t\t\t<a href=\"https:\/\/www.contesdudesert.com\/en\/tour-item\/2-days-tour-from-agadir-to-erg-chegaga\/\">\n\t\t\t\t\t\t<img loading=\"lazy\" decoding=\"async\" width=\"670\" height=\"446\" src=\"https:\/\/www.contesdudesert.com\/wp-content\/uploads\/2025\/02\/erg-chegaga-4x4-desert.jpg\" class=\"attachment-full size-full\" alt=\"\" srcset=\"https:\/\/www.contesdudesert.com\/wp-content\/uploads\/2025\/02\/erg-chegaga-4x4-desert.jpg 670w, https:\/\/www.contesdudesert.com\/wp-content\/uploads\/2025\/02\/erg-chegaga-4x4-desert-300x200.jpg 300w\" sizes=\"auto, (max-width: 670px) 100vw, 670px\" \/>\t\t\t\t\t<\/a>\n\t\t\t\t<\/div>\n\t\t\t\t\t\t<div class=\"qodef-tours-standard-item-content-holder\">\n\t\t\t\t<div class=\"qodef-tours-standard-item-top-content\">\n\t\t\t\t\t\t\t\t\t\t\n\t\t\t\t\t\t\t\t\t\t<div class=\"qodef-tours-list-item-top-item\">\n\t\t\t\t\t\t\n\t\t\t\t\t<div class=\"qodef-tours-tour-categories-holder\">\n\t\t\t\t\t\t\t\t\t<div class=\"qodef-tours-tour-categories-item\">\n\t\t\t\t\t\t<a href=\"https:\/\/www.contesdudesert.com\/en\/tour-item\/?type%5B%5D=tours-4x4-in-morocco\">\n\t\t\t\t\t\t\t\n\t\t\t\t\t\t\t\n\t\t\t\t\t\t\t<span class=\"qodef-tour-cat-item-text\">\n\t\t\t\t\t\t\t\tTours 4x4 in Morocco\t\t\t\t\t\t\t<\/span>\n\t\t\t\t\t\t<\/a>\n\t\t\t\t\t<\/div>\n\t\t\t\t\t\t\t<\/div>\n\t\t\n\t\t\t\t\t\t\t<\/div>\n\t\t\t\t<\/div>\n\t\t\t\t<div class=\"qodef-tours-standard-item-content-inner\">\n\t\t\t\t\t\n\t\t\t\t\t<div class=\"qodef-tours-standard-item-title-holder\">\n\t\t\t\t\t\t<h4 class=\"qodef-tour-title\">\n\t\t\t\t\t\t<a href=\"https:\/\/www.contesdudesert.com\/en\/tour-item\/2-days-tour-from-agadir-to-erg-chegaga\/\">2 Days tour from Agadir to Erg Chegaga<\/a>\n\t\t\t\t\t<\/h4>\n\t\t\t\t<\/div>\n\t\t\t\t\t\n\t\t\t\t\t\t\t\t\t\t\t<div class=\"qodef-tours-standard-item-excerpt\">\n\t\t\t\t\t\t\t2 Days tour from Agadir to Erg Chegaga\t\t\t\t\t\t<\/div>\n\t\t\t\t\t\t\t\t\t\t\n\t\t\t\t\t<div class=\"qodef-tours-standard-item-price-and-rating-holder\">\n\t\t\t\t\t\t<span class=\"qodef-tours-item-price-holder\">\n\t\t\t\t\t\t\t\n\t\t<span class=\"qodef-tours-price-holder\">\n\t\t\t\t\t\t\t\t<\/span>\n\n\t\t\t\t\t\t\t\t<\/span>\n\t\t\t\t\t\t\t\t\t\t\t<\/div>\n\t\t\t\t\n\t\t\t\t<\/div>\n\t\t\t<\/div>\n\t\t<\/div>\n\t<\/div>\n<\/div>\t\t<div class=\"qodef-tours-standard-item qodef-tours-row-item qodef-item-space post-6230 tour-item type-tour-item status-publish has-post-thumbnail hentry tour-category-tours-4x4-in-morocco\">\n\t<div class=\"qodef-tour-standard-item-holder\">\n\t\t\t\t<div class=\"qodef-tour-standard-item-holder-inner\">\n\t\t\t\t\t\t\t<div class=\"qodef-tours-standard-item-image-holder\">\n\t\t\t\t\t<a href=\"https:\/\/www.contesdudesert.com\/en\/tour-item\/3-days-tour-from-marrakesh-to-erg-chegaga\/\">\n\t\t\t\t\t\t<img loading=\"lazy\" decoding=\"async\" width=\"720\" height=\"808\" src=\"https:\/\/www.contesdudesert.com\/wp-content\/uploads\/2023\/04\/00D789B0-FACB-41D9-853C-9C15B37F3A62.jpeg\" class=\"attachment-full size-full\" alt=\"\" srcset=\"https:\/\/www.contesdudesert.com\/wp-content\/uploads\/2023\/04\/00D789B0-FACB-41D9-853C-9C15B37F3A62.jpeg 720w, https:\/\/www.contesdudesert.com\/wp-content\/uploads\/2023\/04\/00D789B0-FACB-41D9-853C-9C15B37F3A62-267x300.jpeg 267w\" sizes=\"auto, (max-width: 720px) 100vw, 720px\" \/>\t\t\t\t\t<\/a>\n\t\t\t\t<\/div>\n\t\t\t\t\t\t<div class=\"qodef-tours-standard-item-content-holder\">\n\t\t\t\t<div class=\"qodef-tours-standard-item-top-content\">\n\t\t\t\t\t\t\t\t\t\t\n\t\t\t\t\t\t\t\t\t\t<div class=\"qodef-tours-list-item-top-item\">\n\t\t\t\t\t\t\n\t\t\t\t\t<div class=\"qodef-tours-tour-categories-holder\">\n\t\t\t\t\t\t\t\t\t<div class=\"qodef-tours-tour-categories-item\">\n\t\t\t\t\t\t<a href=\"https:\/\/www.contesdudesert.com\/en\/tour-item\/?type%5B%5D=tours-4x4-in-morocco\">\n\t\t\t\t\t\t\t\n\t\t\t\t\t\t\t\n\t\t\t\t\t\t\t<span class=\"qodef-tour-cat-item-text\">\n\t\t\t\t\t\t\t\tTours 4x4 in Morocco\t\t\t\t\t\t\t<\/span>\n\t\t\t\t\t\t<\/a>\n\t\t\t\t\t<\/div>\n\t\t\t\t\t\t\t<\/div>\n\t\t\n\t\t\t\t\t\t\t<\/div>\n\t\t\t\t<\/div>\n\t\t\t\t<div class=\"qodef-tours-standard-item-content-inner\">\n\t\t\t\t\t\n\t\t\t\t\t<div class=\"qodef-tours-standard-item-title-holder\">\n\t\t\t\t\t\t<h4 class=\"qodef-tour-title\">\n\t\t\t\t\t\t<a href=\"https:\/\/www.contesdudesert.com\/en\/tour-item\/3-days-tour-from-marrakesh-to-erg-chegaga\/\">3 Days tour from Marrakesh to Erg Chegaga<\/a>\n\t\t\t\t\t<\/h4>\n\t\t\t\t<\/div>\n\t\t\t\t\t\n\t\t\t\t\t\t\t\t\t\t\t<div class=\"qodef-tours-standard-item-excerpt\">\n\t\t\t\t\t\t\t3 Days tour from Marrakesh to Erg Chegaga\t\t\t\t\t\t<\/div>\n\t\t\t\t\t\t\t\t\t\t\n\t\t\t\t\t<div class=\"qodef-tours-standard-item-price-and-rating-holder\">\n\t\t\t\t\t\t<span class=\"qodef-tours-item-price-holder\">\n\t\t\t\t\t\t\t\n\t\t<span class=\"qodef-tours-price-holder\">\n\t\t\t\t\t\t\t\t<\/span>\n\n\t\t\t\t\t\t\t\t<\/span>\n\t\t\t\t\t\t\t\t\t\t\t<\/div>\n\t\t\t\t\n\t\t\t\t<\/div>\n\t\t\t<\/div>\n\t\t<\/div>\n\t<\/div>\n<\/div>\t\t<div class=\"qodef-tours-standard-item qodef-tours-row-item qodef-item-space post-6231 tour-item type-tour-item status-publish has-post-thumbnail hentry tour-category-tours-4x4-in-morocco\">\n\t<div class=\"qodef-tour-standard-item-holder\">\n\t\t\t\t<div class=\"qodef-tour-standard-item-holder-inner\">\n\t\t\t\t\t\t\t<div class=\"qodef-tours-standard-item-image-holder\">\n\t\t\t\t\t<a href=\"https:\/\/www.contesdudesert.com\/en\/tour-item\/4-days-tour-from-marrakesh-to-chegaga-dunes\/\">\n\t\t\t\t\t\t<img loading=\"lazy\" decoding=\"async\" width=\"828\" height=\"811\" src=\"https:\/\/www.contesdudesert.com\/wp-content\/uploads\/2023\/12\/unnamed.jpg\" class=\"attachment-full size-full\" alt=\"\" srcset=\"https:\/\/www.contesdudesert.com\/wp-content\/uploads\/2023\/12\/unnamed.jpg 828w, https:\/\/www.contesdudesert.com\/wp-content\/uploads\/2023\/12\/unnamed-300x294.jpg 300w, https:\/\/www.contesdudesert.com\/wp-content\/uploads\/2023\/12\/unnamed-768x752.jpg 768w\" sizes=\"auto, (max-width: 828px) 100vw, 828px\" \/>\t\t\t\t\t<\/a>\n\t\t\t\t<\/div>\n\t\t\t\t\t\t<div class=\"qodef-tours-standard-item-content-holder\">\n\t\t\t\t<div class=\"qodef-tours-standard-item-top-content\">\n\t\t\t\t\t\t\t\t\t\t\n\t\t\t\t\t\t\t\t\t\t<div class=\"qodef-tours-list-item-top-item\">\n\t\t\t\t\t\t\n\t\t\t\t\t<div class=\"qodef-tours-tour-categories-holder\">\n\t\t\t\t\t\t\t\t\t<div class=\"qodef-tours-tour-categories-item\">\n\t\t\t\t\t\t<a href=\"https:\/\/www.contesdudesert.com\/en\/tour-item\/?type%5B%5D=tours-4x4-in-morocco\">\n\t\t\t\t\t\t\t\n\t\t\t\t\t\t\t\n\t\t\t\t\t\t\t<span class=\"qodef-tour-cat-item-text\">\n\t\t\t\t\t\t\t\tTours 4x4 in Morocco\t\t\t\t\t\t\t<\/span>\n\t\t\t\t\t\t<\/a>\n\t\t\t\t\t<\/div>\n\t\t\t\t\t\t\t<\/div>\n\t\t\n\t\t\t\t\t\t\t<\/div>\n\t\t\t\t<\/div>\n\t\t\t\t<div class=\"qodef-tours-standard-item-content-inner\">\n\t\t\t\t\t\n\t\t\t\t\t<div class=\"qodef-tours-standard-item-title-holder\">\n\t\t\t\t\t\t<h4 class=\"qodef-tour-title\">\n\t\t\t\t\t\t<a href=\"https:\/\/www.contesdudesert.com\/en\/tour-item\/4-days-tour-from-marrakesh-to-chegaga-dunes\/\">4 Days tour from Marrakesh to Chegaga dunes<\/a>\n\t\t\t\t\t<\/h4>\n\t\t\t\t<\/div>\n\t\t\t\t\t\n\t\t\t\t\t\t\t\t\t\t\t<div class=\"qodef-tours-standard-item-excerpt\">\n\t\t\t\t\t\t\t4 Days tour from Marrakesh to Chegaga dunes\t\t\t\t\t\t<\/div>\n\t\t\t\t\t\t\t\t\t\t\n\t\t\t\t\t<div class=\"qodef-tours-standard-item-price-and-rating-holder\">\n\t\t\t\t\t\t<span class=\"qodef-tours-item-price-holder\">\n\t\t\t\t\t\t\t\n\t\t<span class=\"qodef-tours-price-holder\">\n\t\t\t\t\t\t\t\t<\/span>\n\n\t\t\t\t\t\t\t\t<\/span>\n\t\t\t\t\t\t\t\t\t\t\t<\/div>\n\t\t\t\t\n\t\t\t\t<\/div>\n\t\t\t<\/div>\n\t\t<\/div>\n\t<\/div>\n<\/div>\t\t<div class=\"qodef-tours-standard-item qodef-tours-row-item qodef-item-space post-6233 tour-item type-tour-item status-publish has-post-thumbnail hentry tour-category-tours-4x4-in-morocco\">\n\t<div class=\"qodef-tour-standard-item-holder\">\n\t\t\t\t<div class=\"qodef-tour-standard-item-holder-inner\">\n\t\t\t\t\t\t\t<div class=\"qodef-tours-standard-item-image-holder\">\n\t\t\t\t\t<a href=\"https:\/\/www.contesdudesert.com\/en\/tour-item\/5-days-tour-from-marrakesh-to-chegaga\/\">\n\t\t\t\t\t\t<img loading=\"lazy\" decoding=\"async\" width=\"1284\" height=\"963\" src=\"https:\/\/www.contesdudesert.com\/wp-content\/uploads\/2025\/02\/WhatsApp-Image-2025-02-06-at-14.40.51.jpeg\" class=\"attachment-full size-full\" alt=\"\" srcset=\"https:\/\/www.contesdudesert.com\/wp-content\/uploads\/2025\/02\/WhatsApp-Image-2025-02-06-at-14.40.51.jpeg 1284w, https:\/\/www.contesdudesert.com\/wp-content\/uploads\/2025\/02\/WhatsApp-Image-2025-02-06-at-14.40.51-300x225.jpeg 300w, https:\/\/www.contesdudesert.com\/wp-content\/uploads\/2025\/02\/WhatsApp-Image-2025-02-06-at-14.40.51-1024x768.jpeg 1024w, https:\/\/www.contesdudesert.com\/wp-content\/uploads\/2025\/02\/WhatsApp-Image-2025-02-06-at-14.40.51-768x576.jpeg 768w\" sizes=\"auto, (max-width: 1284px) 100vw, 1284px\" \/>\t\t\t\t\t<\/a>\n\t\t\t\t<\/div>\n\t\t\t\t\t\t<div class=\"qodef-tours-standard-item-content-holder\">\n\t\t\t\t<div class=\"qodef-tours-standard-item-top-content\">\n\t\t\t\t\t\t\t\t\t\t\n\t\t\t\t\t\t\t\t\t\t<div class=\"qodef-tours-list-item-top-item\">\n\t\t\t\t\t\t\n\t\t\t\t\t<div class=\"qodef-tours-tour-categories-holder\">\n\t\t\t\t\t\t\t\t\t<div class=\"qodef-tours-tour-categories-item\">\n\t\t\t\t\t\t<a href=\"https:\/\/www.contesdudesert.com\/en\/tour-item\/?type%5B%5D=tours-4x4-in-morocco\">\n\t\t\t\t\t\t\t\n\t\t\t\t\t\t\t\n\t\t\t\t\t\t\t<span class=\"qodef-tour-cat-item-text\">\n\t\t\t\t\t\t\t\tTours 4x4 in Morocco\t\t\t\t\t\t\t<\/span>\n\t\t\t\t\t\t<\/a>\n\t\t\t\t\t<\/div>\n\t\t\t\t\t\t\t<\/div>\n\t\t\n\t\t\t\t\t\t\t<\/div>\n\t\t\t\t<\/div>\n\t\t\t\t<div class=\"qodef-tours-standard-item-content-inner\">\n\t\t\t\t\t\n\t\t\t\t\t<div class=\"qodef-tours-standard-item-title-holder\">\n\t\t\t\t\t\t<h4 class=\"qodef-tour-title\">\n\t\t\t\t\t\t<a href=\"https:\/\/www.contesdudesert.com\/en\/tour-item\/5-days-tour-from-marrakesh-to-chegaga\/\">5 Days tour from Marrakesh to Chegaga<\/a>\n\t\t\t\t\t<\/h4>\n\t\t\t\t<\/div>\n\t\t\t\t\t\n\t\t\t\t\t\t\t\t\t\t\t<div class=\"qodef-tours-standard-item-excerpt\">\n\t\t\t\t\t\t\t5 Days tour from Marrakesh to Chegaga &nbsp;\t\t\t\t\t\t<\/div>\n\t\t\t\t\t\t\t\t\t\t\n\t\t\t\t\t<div class=\"qodef-tours-standard-item-price-and-rating-holder\">\n\t\t\t\t\t\t<span class=\"qodef-tours-item-price-holder\">\n\t\t\t\t\t\t\t\n\t\t<span class=\"qodef-tours-price-holder\">\n\t\t\t\t\t\t\t\t<\/span>\n\n\t\t\t\t\t\t\t\t<\/span>\n\t\t\t\t\t\t\t\t\t\t\t<\/div>\n\t\t\t\t\n\t\t\t\t<\/div>\n\t\t\t<\/div>\n\t\t<\/div>\n\t<\/div>\n<\/div>\t\t<div class=\"qodef-tours-standard-item qodef-tours-row-item qodef-item-space post-6229 tour-item type-tour-item status-publish has-post-thumbnail hentry tour-category-tours-4x4-in-morocco\">\n\t<div class=\"qodef-tour-standard-item-holder\">\n\t\t\t\t<div class=\"qodef-tour-standard-item-holder-inner\">\n\t\t\t\t\t\t\t<div class=\"qodef-tours-standard-item-image-holder\">\n\t\t\t\t\t<a href=\"https:\/\/www.contesdudesert.com\/en\/tour-item\/7-days-tour-from-agadir-to-dunes-chegaga\/\">\n\t\t\t\t\t\t<img loading=\"lazy\" decoding=\"async\" width=\"669\" height=\"446\" src=\"https:\/\/www.contesdudesert.com\/wp-content\/uploads\/2025\/02\/erg-chegaga.jpg\" class=\"attachment-full size-full\" alt=\"\" srcset=\"https:\/\/www.contesdudesert.com\/wp-content\/uploads\/2025\/02\/erg-chegaga.jpg 669w, https:\/\/www.contesdudesert.com\/wp-content\/uploads\/2025\/02\/erg-chegaga-300x200.jpg 300w\" sizes=\"auto, (max-width: 669px) 100vw, 669px\" \/>\t\t\t\t\t<\/a>\n\t\t\t\t<\/div>\n\t\t\t\t\t\t<div class=\"qodef-tours-standard-item-content-holder\">\n\t\t\t\t<div class=\"qodef-tours-standard-item-top-content\">\n\t\t\t\t\t\t\t\t\t\t\n\t\t\t\t\t\t\t\t\t\t<div class=\"qodef-tours-list-item-top-item\">\n\t\t\t\t\t\t\n\t\t\t\t\t<div class=\"qodef-tours-tour-categories-holder\">\n\t\t\t\t\t\t\t\t\t<div class=\"qodef-tours-tour-categories-item\">\n\t\t\t\t\t\t<a href=\"https:\/\/www.contesdudesert.com\/en\/tour-item\/?type%5B%5D=tours-4x4-in-morocco\">\n\t\t\t\t\t\t\t\n\t\t\t\t\t\t\t\n\t\t\t\t\t\t\t<span class=\"qodef-tour-cat-item-text\">\n\t\t\t\t\t\t\t\tTours 4x4 in Morocco\t\t\t\t\t\t\t<\/span>\n\t\t\t\t\t\t<\/a>\n\t\t\t\t\t<\/div>\n\t\t\t\t\t\t\t<\/div>\n\t\t\n\t\t\t\t\t\t\t<\/div>\n\t\t\t\t<\/div>\n\t\t\t\t<div class=\"qodef-tours-standard-item-content-inner\">\n\t\t\t\t\t\n\t\t\t\t\t<div class=\"qodef-tours-standard-item-title-holder\">\n\t\t\t\t\t\t<h4 class=\"qodef-tour-title\">\n\t\t\t\t\t\t<a href=\"https:\/\/www.contesdudesert.com\/en\/tour-item\/7-days-tour-from-agadir-to-dunes-chegaga\/\">7 Days tour from Agadir to Dunes Chegaga<\/a>\n\t\t\t\t\t<\/h4>\n\t\t\t\t<\/div>\n\t\t\t\t\t\n\t\t\t\t\t\t\t\t\t\t\t<div class=\"qodef-tours-standard-item-excerpt\">\n\t\t\t\t\t\t\t7 Days tour from Agadir to Dunes Chegaga\t\t\t\t\t\t<\/div>\n\t\t\t\t\t\t\t\t\t\t\n\t\t\t\t\t<div class=\"qodef-tours-standard-item-price-and-rating-holder\">\n\t\t\t\t\t\t<span class=\"qodef-tours-item-price-holder\">\n\t\t\t\t\t\t\t\n\t\t<span class=\"qodef-tours-price-holder\">\n\t\t\t\t\t\t\t\t<\/span>\n\n\t\t\t\t\t\t\t\t<\/span>\n\t\t\t\t\t\t\t\t\t\t\t<\/div>\n\t\t\t\t\n\t\t\t\t<\/div>\n\t\t\t<\/div>\n\t\t<\/div>\n\t<\/div>\n<\/div>\t\t<\/div>\n\n\t\t\n\n\t\t<\/div>[\/vc_column][\/vc_row]<\/p>\n","protected":false},"excerpt":{"rendered":"<p>[vc_row][vc_column][\/vc_column][\/vc_row]<\/p>\n","protected":false},"author":1,"featured_media":0,"parent":0,"menu_order":0,"comment_status":"closed","ping_status":"closed","template":"","meta":{"om_disable_all_campaigns":false,"_monsterinsights_skip_tracking":false,"_monsterinsights_sitenote_active":false,"_monsterinsights_sitenote_note":"","_monsterinsights_sitenote_category":0,"footnotes":""},"class_list":["post-6234","page","type-page","status-publish","hentry"],"yoast_head":"<!-- This site is optimized with the Yoast SEO plugin v22.6 - https:\/\/yoast.com\/wordpress\/plugins\/seo\/ -->\n<title>Tours 4x4 in Morocco - Contes Du Desert<\/title>\n<meta name=\"description\" content=\"D\u00e9couvrez les merveilles du d\u00e9sert marocain avec Contes Du D\u00e9sert ! Nos visites guid\u00e9es, allant d&#039;une journ\u00e9e \u00e0 trois semaines, sont con\u00e7ues sur mesure pour satisfaire vos int\u00e9r\u00eats et vos d\u00e9sirs. Implant\u00e9s \u00e0 Mhamid el Ghizlane, au c\u0153ur du sud-est marocain, nous sommes fiers de notre \u00e9quipe professionnelle de guides multilingues. Laissez vous envo\u00fbter par l&#039;aventure et la culture du d\u00e9sert avec nous.\" \/>\n<meta name=\"robots\" content=\"index, follow, max-snippet:-1, max-image-preview:large, max-video-preview:-1\" \/>\n<link rel=\"canonical\" href=\"https:\/\/www.contesdudesert.com\/en\/tours-4x4-in-morocco\/\" \/>\n<meta property=\"og:locale\" content=\"en_US\" \/>\n<meta property=\"og:type\" content=\"article\" \/>\n<meta property=\"og:title\" content=\"Tours 4x4 in Morocco - Contes Du Desert\" \/>\n<meta property=\"og:description\" content=\"D\u00e9couvrez les merveilles du d\u00e9sert marocain avec Contes Du D\u00e9sert ! Nos visites guid\u00e9es, allant d&#039;une journ\u00e9e \u00e0 trois semaines, sont con\u00e7ues sur mesure pour satisfaire vos int\u00e9r\u00eats et vos d\u00e9sirs. Implant\u00e9s \u00e0 Mhamid el Ghizlane, au c\u0153ur du sud-est marocain, nous sommes fiers de notre \u00e9quipe professionnelle de guides multilingues. Laissez vous envo\u00fbter par l&#039;aventure et la culture du d\u00e9sert avec nous.\" \/>\n<meta property=\"og:url\" content=\"https:\/\/www.contesdudesert.com\/en\/tours-4x4-in-morocco\/\" \/>\n<meta property=\"og:site_name\" content=\"Contes Du Desert\" \/>\n<meta property=\"article:modified_time\" content=\"2025-03-28T18:12:39+00:00\" \/>\n<meta name=\"twitter:card\" content=\"summary_large_image\" \/>\n<script type=\"application\/ld+json\" class=\"yoast-schema-graph\">{\"@context\":\"https:\/\/schema.org\",\"@graph\":[{\"@type\":\"WebPage\",\"@id\":\"https:\/\/www.contesdudesert.com\/en\/tours-4x4-in-morocco\/\",\"url\":\"https:\/\/www.contesdudesert.com\/en\/tours-4x4-in-morocco\/\",\"name\":\"Tours 4x4 in Morocco - Contes Du Desert\",\"isPartOf\":{\"@id\":\"https:\/\/www.contesdudesert.com\/#website\"},\"datePublished\":\"2025-02-10T01:57:26+00:00\",\"dateModified\":\"2025-03-28T18:12:39+00:00\",\"description\":\"D\u00e9couvrez les merveilles du d\u00e9sert marocain avec Contes Du D\u00e9sert ! Nos visites guid\u00e9es, allant d'une journ\u00e9e \u00e0 trois semaines, sont con\u00e7ues sur mesure pour satisfaire vos int\u00e9r\u00eats et vos d\u00e9sirs. Implant\u00e9s \u00e0 Mhamid el Ghizlane, au c\u0153ur du sud-est marocain, nous sommes fiers de notre \u00e9quipe professionnelle de guides multilingues. Laissez vous envo\u00fbter par l'aventure et la culture du d\u00e9sert avec nous.\",\"breadcrumb\":{\"@id\":\"https:\/\/www.contesdudesert.com\/en\/tours-4x4-in-morocco\/#breadcrumb\"},\"inLanguage\":\"en-US\",\"potentialAction\":[{\"@type\":\"ReadAction\",\"target\":[\"https:\/\/www.contesdudesert.com\/en\/tours-4x4-in-morocco\/\"]}]},{\"@type\":\"BreadcrumbList\",\"@id\":\"https:\/\/www.contesdudesert.com\/en\/tours-4x4-in-morocco\/#breadcrumb\",\"itemListElement\":[{\"@type\":\"ListItem\",\"position\":1,\"name\":\"Accueil\",\"item\":\"https:\/\/www.contesdudesert.com\/en\/contes-du-desert-trekking-in-desert\/\"},{\"@type\":\"ListItem\",\"position\":2,\"name\":\"Tours 4&#215;4 in Morocco\"}]},{\"@type\":\"WebSite\",\"@id\":\"https:\/\/www.contesdudesert.com\/#website\",\"url\":\"https:\/\/www.contesdudesert.com\/\",\"name\":\"Contes Du Desert\",\"description\":\"Maroc Desert Trek pas cher\",\"publisher\":{\"@id\":\"https:\/\/www.contesdudesert.com\/#organization\"},\"potentialAction\":[{\"@type\":\"SearchAction\",\"target\":{\"@type\":\"EntryPoint\",\"urlTemplate\":\"https:\/\/www.contesdudesert.com\/?s={search_term_string}\"},\"query-input\":\"required name=search_term_string\"}],\"inLanguage\":\"en-US\"},{\"@type\":\"Organization\",\"@id\":\"https:\/\/www.contesdudesert.com\/#organization\",\"name\":\"Contes Du Desert\",\"url\":\"https:\/\/www.contesdudesert.com\/\",\"logo\":{\"@type\":\"ImageObject\",\"inLanguage\":\"en-US\",\"@id\":\"https:\/\/www.contesdudesert.com\/#\/schema\/logo\/image\/\",\"url\":\"https:\/\/www.contesdudesert.com\/wp-content\/uploads\/2018\/09\/contes-du-desert-1.png\",\"contentUrl\":\"https:\/\/www.contesdudesert.com\/wp-content\/uploads\/2018\/09\/contes-du-desert-1.png\",\"width\":263,\"height\":86,\"caption\":\"Contes Du Desert\"},\"image\":{\"@id\":\"https:\/\/www.contesdudesert.com\/#\/schema\/logo\/image\/\"}}]}<\/script>\n<!-- \/ Yoast SEO plugin. -->","yoast_head_json":{"title":"Tours 4x4 in Morocco - Contes Du Desert","description":"D\u00e9couvrez les merveilles du d\u00e9sert marocain avec Contes Du D\u00e9sert ! Nos visites guid\u00e9es, allant d'une journ\u00e9e \u00e0 trois semaines, sont con\u00e7ues sur mesure pour satisfaire vos int\u00e9r\u00eats et vos d\u00e9sirs. Implant\u00e9s \u00e0 Mhamid el Ghizlane, au c\u0153ur du sud-est marocain, nous sommes fiers de notre \u00e9quipe professionnelle de guides multilingues. Laissez vous envo\u00fbter par l'aventure et la culture du d\u00e9sert avec nous.","robots":{"index":"index","follow":"follow","max-snippet":"max-snippet:-1","max-image-preview":"max-image-preview:large","max-video-preview":"max-video-preview:-1"},"canonical":"https:\/\/www.contesdudesert.com\/en\/tours-4x4-in-morocco\/","og_locale":"en_US","og_type":"article","og_title":"Tours 4x4 in Morocco - Contes Du Desert","og_description":"D\u00e9couvrez les merveilles du d\u00e9sert marocain avec Contes Du D\u00e9sert ! Nos visites guid\u00e9es, allant d'une journ\u00e9e \u00e0 trois semaines, sont con\u00e7ues sur mesure pour satisfaire vos int\u00e9r\u00eats et vos d\u00e9sirs. Implant\u00e9s \u00e0 Mhamid el Ghizlane, au c\u0153ur du sud-est marocain, nous sommes fiers de notre \u00e9quipe professionnelle de guides multilingues. Laissez vous envo\u00fbter par l'aventure et la culture du d\u00e9sert avec nous.","og_url":"https:\/\/www.contesdudesert.com\/en\/tours-4x4-in-morocco\/","og_site_name":"Contes Du Desert","article_modified_time":"2025-03-28T18:12:39+00:00","twitter_card":"summary_large_image","schema":{"@context":"https:\/\/schema.org","@graph":[{"@type":"WebPage","@id":"https:\/\/www.contesdudesert.com\/en\/tours-4x4-in-morocco\/","url":"https:\/\/www.contesdudesert.com\/en\/tours-4x4-in-morocco\/","name":"Tours 4x4 in Morocco - Contes Du Desert","isPartOf":{"@id":"https:\/\/www.contesdudesert.com\/#website"},"datePublished":"2025-02-10T01:57:26+00:00","dateModified":"2025-03-28T18:12:39+00:00","description":"D\u00e9couvrez les merveilles du d\u00e9sert marocain avec Contes Du D\u00e9sert ! Nos visites guid\u00e9es, allant d'une journ\u00e9e \u00e0 trois semaines, sont con\u00e7ues sur mesure pour satisfaire vos int\u00e9r\u00eats et vos d\u00e9sirs. Implant\u00e9s \u00e0 Mhamid el Ghizlane, au c\u0153ur du sud-est marocain, nous sommes fiers de notre \u00e9quipe professionnelle de guides multilingues. Laissez vous envo\u00fbter par l'aventure et la culture du d\u00e9sert avec nous.","breadcrumb":{"@id":"https:\/\/www.contesdudesert.com\/en\/tours-4x4-in-morocco\/#breadcrumb"},"inLanguage":"en-US","potentialAction":[{"@type":"ReadAction","target":["https:\/\/www.contesdudesert.com\/en\/tours-4x4-in-morocco\/"]}]},{"@type":"BreadcrumbList","@id":"https:\/\/www.contesdudesert.com\/en\/tours-4x4-in-morocco\/#breadcrumb","itemListElement":[{"@type":"ListItem","position":1,"name":"Accueil","item":"https:\/\/www.contesdudesert.com\/en\/contes-du-desert-trekking-in-desert\/"},{"@type":"ListItem","position":2,"name":"Tours 4&#215;4 in Morocco"}]},{"@type":"WebSite","@id":"https:\/\/www.contesdudesert.com\/#website","url":"https:\/\/www.contesdudesert.com\/","name":"Contes Du Desert","description":"Maroc Desert Trek pas cher","publisher":{"@id":"https:\/\/www.contesdudesert.com\/#organization"},"potentialAction":[{"@type":"SearchAction","target":{"@type":"EntryPoint","urlTemplate":"https:\/\/www.contesdudesert.com\/?s={search_term_string}"},"query-input":"required name=search_term_string"}],"inLanguage":"en-US"},{"@type":"Organization","@id":"https:\/\/www.contesdudesert.com\/#organization","name":"Contes Du Desert","url":"https:\/\/www.contesdudesert.com\/","logo":{"@type":"ImageObject","inLanguage":"en-US","@id":"https:\/\/www.contesdudesert.com\/#\/schema\/logo\/image\/","url":"https:\/\/www.contesdudesert.com\/wp-content\/uploads\/2018\/09\/contes-du-desert-1.png","contentUrl":"https:\/\/www.contesdudesert.com\/wp-content\/uploads\/2018\/09\/contes-du-desert-1.png","width":263,"height":86,"caption":"Contes Du Desert"},"image":{"@id":"https:\/\/www.contesdudesert.com\/#\/schema\/logo\/image\/"}}]}},"_links":{"self":[{"href":"https:\/\/www.contesdudesert.com\/en\/wp-json\/wp\/v2\/pages\/6234","targetHints":{"allow":["GET"]}}],"collection":[{"href":"https:\/\/www.contesdudesert.com\/en\/wp-json\/wp\/v2\/pages"}],"about":[{"href":"https:\/\/www.contesdudesert.com\/en\/wp-json\/wp\/v2\/types\/page"}],"author":[{"embeddable":true,"href":"https:\/\/www.contesdudesert.com\/en\/wp-json\/wp\/v2\/users\/1"}],"replies":[{"embeddable":true,"href":"https:\/\/www.contesdudesert.com\/en\/wp-json\/wp\/v2\/comments?post=6234"}],"version-history":[{"count":3,"href":"https:\/\/www.contesdudesert.com\/en\/wp-json\/wp\/v2\/pages\/6234\/revisions"}],"predecessor-version":[{"id":6237,"href":"https:\/\/www.contesdudesert.com\/en\/wp-json\/wp\/v2\/pages\/6234\/revisions\/6237"}],"wp:attachment":[{"href":"https:\/\/www.contesdudesert.com\/en\/wp-json\/wp\/v2\/media?parent=6234"}],"curies":[{"name":"wp","href":"https:\/\/api.w.org\/{rel}","templated":true}]}}