{"id":634,"date":"2018-09-11T07:10:18","date_gmt":"2018-09-11T07:10:18","guid":{"rendered":"http:\/\/setsail.select-themes.com\/?page_id=634"},"modified":"2024-06-25T21:55:10","modified_gmt":"2024-06-25T19:55:10","slug":"contact","status":"publish","type":"page","link":"https:\/\/www.contesdudesert.com\/en\/contact\/","title":{"rendered":"Contact"},"content":{"rendered":"<p>[vc_row equal_height=&#8221;yes&#8221; content_placement=&#8221;top&#8221; row_content_width=&#8221;grid&#8221; css=&#8221;.vc_custom_1539262241025{padding-top: 94px !important;padding-bottom: 73px !important;}&#8221;][vc_column offset=&#8221;vc_col-lg-offset-0 vc_col-lg-6 vc_col-md-offset-0 vc_col-md-12 vc_col-sm-offset-0 vc_col-xs-12&#8243;]<div class=\"qodef-elements-holder   qodef-two-columns  qodef-responsive-mode-768 \" ><div class=\"qodef-eh-item  qodef-vertical-alignment-top  \"  data-item-class=\"qodef-eh-custom-4678\" data-1367-1600=\"7px 0px\" data-1025-1366=\"7px 0px\">\n\t<div class=\"qodef-eh-item-inner\">\n\t\t<div class=\"qodef-eh-item-content qodef-eh-custom-4678\" style=\"padding: 2px 0px\">\n\t\t\t<div class=\"qodef-section-title-holder \" >\n\t<div class=\"qodef-st-inner\">\n\t\t\t\t\t\t\t<h2 class=\"qodef-st-title\" >\n\t\t\t\tContact Us!\t\t\t<\/h2>\n\t\t\t\t\t\t\t<p class=\"qodef-st-text\" style=\"font-size: 17px;line-height: 28px;margin-top: 15px\">\n\t\t\t\tDo you need information? advices? book a trekking?\t\t\t<\/p>\n\t\t\t<\/div>\n<\/div>[vc_empty_space height=&#8221;12px&#8221;][vc_column_text]Contes Du D\u00e9sert! is happy to respond to all requests.<\/p>\n<p>Don&#8217;t hesitate to write to us, and we&#8217;ll get back to you as soon as possible.[\/vc_column_text][vc_empty_space]<a itemprop=\"url\" href=\"#\" target=\"_self\"  class=\"qodef-btn qodef-btn-medium qodef-btn-solid\"  >\n    <span class=\"qodef-btn-text\">Read More<\/span>\n    <\/a>\t\t<\/div>\n\t<\/div>\n<\/div><\/div>[\/vc_column][vc_column offset=&#8221;vc_col-lg-offset-0 vc_col-lg-6 vc_col-md-offset-0 vc_col-md-12 vc_col-sm-offset-0 vc_col-xs-12&#8243;]<div class=\"qodef-elements-holder   qodef-one-column  qodef-responsive-mode-768 \" ><div class=\"qodef-eh-item  qodef-vertical-alignment-top qodef-horizontal-alignment-right \"  data-item-class=\"qodef-eh-custom-6559\" data-1367-1600=\"23px 0px 0px 80px\" data-1025-1366=\"21px 0px 0px 80px\" data-769-1024=\"80px 0px 0px 0px\" data-681-768=\"80px 0px 0px 0px\" data-680=\"80px 0px 0px 0px\">\n\t<div class=\"qodef-eh-item-inner\">\n\t\t<div class=\"qodef-eh-item-content qodef-eh-custom-6559\" style=\"padding: 16px 0px 0px 80px\">\n\t\t\t[vc_single_image image=&#8221;5453&#8243; img_size=&#8221;full&#8221;]\t\t<\/div>\n\t<\/div>\n<\/div><\/div>[\/vc_column][\/vc_row][vc_row row_content_width=&#8221;grid&#8221; css=&#8221;.vc_custom_1539070105862{padding-bottom: 87px !important;}&#8221;][vc_column width=&#8221;1\/2&#8243; offset=&#8221;vc_col-lg-offset-0 vc_col-lg-4 vc_col-md-offset-0 vc_col-md-4 vc_col-sm-offset-0 vc_col-xs-12&#8243;][vc_column_text]<\/p>\n<h3>Contes Du Desert<\/h3>\n<p>[\/vc_column_text][vc_empty_space height=&#8221;4px&#8221;][vc_empty_space height=&#8221;25px&#8221;]<div class=\"qodef-iwt clearfix  qodef-iwt-icon-left qodef-iwt-icon-tiny\">\n\t<div class=\"qodef-iwt-icon\">\n\t\t\t\t\t<a itemprop=\"url\" href=\"mailto:contesdudesert@gmail.com\" target=\"_self\">\n\t\t\t\t\t\t\t\t\t    <span class=\"qodef-icon-shortcode qodef-normal   qodef-icon-tiny\"  data-color=\"#e88419\">\n                    <span aria-hidden=\"true\" class=\"qodef-icon-font-elegant icon_mail_alt qodef-icon-element\" style=\"color: #e88419;font-size:14px\" ><\/span>            <\/span>\n\t\t\t\t\t\t\t\t<\/a>\n\t\t\t<\/div>\n\t<div class=\"qodef-iwt-content\" >\n\t\t\t\t\t<p class=\"qodef-iwt-title\" style=\"margin-top: 7px\">\n\t\t\t\t\t\t\t\t\t<a itemprop=\"url\" href=\"mailto:contesdudesert@gmail.com\" target=\"_self\">\n\t\t\t\t\t\t\t\t<span class=\"qodef-iwt-title-text\">contesdudesert@gmail.com<\/span>\n\t\t\t\t\t\t\t\t\t<\/a>\n\t\t\t\t\t\t\t<\/p>\n\t\t\t\t\t<\/div>\n<\/div>[vc_empty_space height=&#8221;5px&#8221;]<div class=\"qodef-iwt clearfix  qodef-iwt-icon-left qodef-iwt-icon-tiny\">\n\t<div class=\"qodef-iwt-icon\">\n\t\t\t\t\t<a itemprop=\"url\" href=\"tel:+212%20656-203401\" target=\"_self\">\n\t\t\t\t\t\t\t\t\t    <span class=\"qodef-icon-shortcode qodef-normal   qodef-icon-tiny\"  data-color=\"#e88419\">\n                    <span aria-hidden=\"true\" class=\"qodef-icon-font-elegant icon_phone qodef-icon-element\" style=\"color: #e88419;font-size:14px\" ><\/span>            <\/span>\n\t\t\t\t\t\t\t\t<\/a>\n\t\t\t<\/div>\n\t<div class=\"qodef-iwt-content\" >\n\t\t\t\t\t<p class=\"qodef-iwt-title\" style=\"margin-top: 7px\">\n\t\t\t\t\t\t\t\t\t<a itemprop=\"url\" href=\"tel:+212%20656-203401\" target=\"_self\">\n\t\t\t\t\t\t\t\t<span class=\"qodef-iwt-title-text\">+212 656-203401<\/span>\n\t\t\t\t\t\t\t\t\t<\/a>\n\t\t\t\t\t\t\t<\/p>\n\t\t\t\t\t<\/div>\n<\/div>[vc_empty_space height=&#8221;5px&#8221;]<div class=\"qodef-iwt clearfix  qodef-iwt-icon-left qodef-iwt-icon-tiny\">\n\t<div class=\"qodef-iwt-icon\">\n\t\t\t\t\t<a itemprop=\"url\" href=\"tel:+33%207%2049%2077%2087%2063\" target=\"_self\">\n\t\t\t\t\t\t\t\t\t    <span class=\"qodef-icon-shortcode qodef-normal   qodef-icon-tiny\"  data-color=\"#e88419\">\n                    <span aria-hidden=\"true\" class=\"qodef-icon-font-elegant icon_phone qodef-icon-element\" style=\"color: #e88419;font-size:14px\" ><\/span>            <\/span>\n\t\t\t\t\t\t\t\t<\/a>\n\t\t\t<\/div>\n\t<div class=\"qodef-iwt-content\" >\n\t\t\t\t\t<p class=\"qodef-iwt-title\" style=\"margin-top: 7px\">\n\t\t\t\t\t\t\t\t\t<a itemprop=\"url\" href=\"tel:+33%207%2049%2077%2087%2063\" target=\"_self\">\n\t\t\t\t\t\t\t\t<span class=\"qodef-iwt-title-text\">+33 7 49 77 87 63<\/span>\n\t\t\t\t\t\t\t\t\t<\/a>\n\t\t\t\t\t\t\t<\/p>\n\t\t\t\t\t<\/div>\n<\/div>[vc_empty_space height=&#8221;5px&#8221;]<div class=\"qodef-iwt clearfix  qodef-iwt-icon-left qodef-iwt-icon-tiny\">\n\t<div class=\"qodef-iwt-icon\">\n\t\t\t\t\t\t\t\t\t    <span class=\"qodef-icon-shortcode qodef-normal   qodef-icon-tiny\"  data-color=\"#e88419\">\n                    <span aria-hidden=\"true\" class=\"qodef-icon-font-elegant icon_pin_alt qodef-icon-element\" style=\"color: #e88419;font-size:14px\" ><\/span>            <\/span>\n\t\t\t\t\t\t<\/div>\n\t<div class=\"qodef-iwt-content\" >\n\t\t\t\t\t<p class=\"qodef-iwt-title\" style=\"margin-top: 7px\">\n\t\t\t\t\t\t\t\t<span class=\"qodef-iwt-title-text\">Centre Mhamid el ghizlane, 47402, Zagora, Maroc<\/span>\n\t\t\t\t\t\t\t<\/p>\n\t\t\t\t\t<\/div>\n<\/div>[vc_empty_space height=&#8221;17px&#8221;][\/vc_column][\/vc_row][vc_row row_content_width=&#8221;grid&#8221; css=&#8221;.vc_custom_1536660631523{padding-bottom: 130px !important;}&#8221;][vc_column css=&#8221;.vc_custom_1643310824069{padding-top: 18px !important;padding-right: 37px !important;padding-bottom: 53px !important;padding-left: 37px !important;background-color: #db5e15 !important;}&#8221;][vc_column_text]<\/p>\n<h3><span style=\"color: #ffffff;\">Envoyer un Message<\/span><\/h3>\n<p>[\/vc_column_text][vc_empty_space height=&#8221;21px&#8221;]\n<div class=\"wpcf7 no-js\" id=\"wpcf7-f697-o1\" lang=\"en-US\" dir=\"ltr\" data-wpcf7-id=\"697\">\n<div class=\"screen-reader-response\"><p role=\"status\" aria-live=\"polite\" aria-atomic=\"true\"><\/p> <ul><\/ul><\/div>\n<form action=\"\/en\/wp-json\/wp\/v2\/pages\/634#wpcf7-f697-o1\" method=\"post\" class=\"wpcf7-form init cf7_custom_style_1\" aria-label=\"Contact form\" novalidate=\"novalidate\" data-status=\"init\">\n<fieldset class=\"hidden-fields-container\"><input type=\"hidden\" name=\"_wpcf7\" value=\"697\" \/><input type=\"hidden\" name=\"_wpcf7_version\" value=\"6.1.1\" \/><input type=\"hidden\" name=\"_wpcf7_locale\" value=\"en_US\" \/><input type=\"hidden\" name=\"_wpcf7_unit_tag\" value=\"wpcf7-f697-o1\" \/><input type=\"hidden\" name=\"_wpcf7_container_post\" value=\"0\" \/><input type=\"hidden\" name=\"_wpcf7_posted_data_hash\" value=\"\" \/>\n<\/fieldset>\n<div class=\"qodef-custom-cf\">\n\t<p><span class=\"qodef-cf-icon qodef-cf-message-icon icon_chat\"><\/span><span class=\"wpcf7-form-control-wrap\" data-name=\"your-message\"><textarea cols=\"40\" rows=\"10\" maxlength=\"2000\" class=\"wpcf7-form-control wpcf7-textarea\" aria-invalid=\"false\" placeholder=\"Message*\" name=\"your-message\"><\/textarea><\/span>\n\t<\/p>\n\t<div class=\"qodef-grid-row qodef-grid-tiny-gutter\">\n\t\t<div class=\"qodef-grid-col-6\">\n\t\t\t<p><span class=\"qodef-cf-icon qodef-cf-email-icon icon_mail_alt\"><\/span><span class=\"wpcf7-form-control-wrap\" data-name=\"your-email\"><input size=\"40\" maxlength=\"400\" class=\"wpcf7-form-control wpcf7-email wpcf7-validates-as-required wpcf7-text wpcf7-validates-as-email\" aria-required=\"true\" aria-invalid=\"false\" placeholder=\"Email*\" value=\"\" type=\"email\" name=\"your-email\" \/><\/span>\n\t\t\t<\/p>\n\t\t<\/div>\n\t\t<div class=\"qodef-grid-col-6\">\n\t\t\t<p><span class=\"qodef-cf-icon qodef-cf-name-icon icon_profile\"><\/span><span class=\"wpcf7-form-control-wrap\" data-name=\"your-name\"><input size=\"40\" maxlength=\"400\" class=\"wpcf7-form-control wpcf7-text wpcf7-validates-as-required\" aria-required=\"true\" aria-invalid=\"false\" placeholder=\"Nom complet*\" value=\"\" type=\"text\" name=\"your-name\" \/><\/span>\n\t\t\t<\/p>\n\t\t<\/div>\n\t<\/div>\n\t<p><input class=\"wpcf7-form-control wpcf7-submit has-spinner\" type=\"submit\" value=\"Envoyer\" \/>\n\t<\/p>\n<\/div><div class=\"wpcf7-response-output\" aria-hidden=\"true\"><\/div>\n<\/form>\n<\/div>\n[\/vc_column][\/vc_row]<\/p>\n","protected":false},"excerpt":{"rendered":"<p>[vc_row equal_height=&#8221;yes&#8221; content_placement=&#8221;top&#8221; row_content_width=&#8221;grid&#8221; css=&#8221;.vc_custom_1539262241025{padding-top: 94px !important;padding-bottom: 73px !important;}&#8221;][vc_column offset=&#8221;vc_col-lg-offset-0 vc_col-lg-6 vc_col-md-offset-0 vc_col-md-12 vc_col-sm-offset-0 vc_col-xs-12&#8243;][\/vc_column][vc_column offset=&#8221;vc_col-lg-offset-0 vc_col-lg-6 vc_col-md-offset-0 vc_col-md-12 vc_col-sm-offset-0 vc_col-xs-12&#8243;][\/vc_column][\/vc_row][vc_row row_content_width=&#8221;grid&#8221; css=&#8221;.vc_custom_1539070105862{padding-bottom: 87px !important;}&#8221;][vc_column width=&#8221;1\/2&#8243; offset=&#8221;vc_col-lg-offset-0 vc_col-lg-4 vc_col-md-offset-0 vc_col-md-4 vc_col-sm-offset-0 vc_col-xs-12&#8243;][vc_column_text] Contes Du Desert [\/vc_column_text][vc_empty_space height=&#8221;4px&#8221;][vc_empty_space height=&#8221;25px&#8221;][vc_empty_space height=&#8221;5px&#8221;][vc_empty_space height=&#8221;5px&#8221;][vc_empty_space [&hellip;]<\/p>\n","protected":false},"author":1,"featured_media":0,"parent":0,"menu_order":0,"comment_status":"closed","ping_status":"closed","template":"full-width.php","meta":{"om_disable_all_campaigns":false,"_monsterinsights_skip_tracking":false,"_monsterinsights_sitenote_active":false,"_monsterinsights_sitenote_note":"","_monsterinsights_sitenote_category":0,"footnotes":""},"class_list":["post-634","page","type-page","status-publish","hentry"],"yoast_head":"<!-- This site is optimized with the Yoast SEO plugin v22.6 - https:\/\/yoast.com\/wordpress\/plugins\/seo\/ -->\n<title>Contact - Contes Du Desert<\/title>\n<meta name=\"description\" content=\"D\u00e9couvrez les merveilles du d\u00e9sert marocain avec Contes Du D\u00e9sert ! Nos visites guid\u00e9es, allant d&#039;une journ\u00e9e \u00e0 trois semaines, sont con\u00e7ues sur mesure pour satisfaire vos int\u00e9r\u00eats et vos d\u00e9sirs. Implant\u00e9s \u00e0 Mhamid el Ghizlane, au c\u0153ur du sud-est marocain, nous sommes fiers de notre \u00e9quipe professionnelle de guides multilingues. Laissez vous envo\u00fbter par l&#039;aventure et la culture du d\u00e9sert avec nous.\" \/>\n<meta name=\"robots\" content=\"index, follow, max-snippet:-1, max-image-preview:large, max-video-preview:-1\" \/>\n<link rel=\"canonical\" href=\"https:\/\/www.contesdudesert.com\/en\/contact\/\" \/>\n<meta property=\"og:locale\" content=\"en_US\" \/>\n<meta property=\"og:type\" content=\"article\" \/>\n<meta property=\"og:title\" content=\"Contact - Contes Du Desert\" \/>\n<meta property=\"og:description\" content=\"D\u00e9couvrez les merveilles du d\u00e9sert marocain avec Contes Du D\u00e9sert ! Nos visites guid\u00e9es, allant d&#039;une journ\u00e9e \u00e0 trois semaines, sont con\u00e7ues sur mesure pour satisfaire vos int\u00e9r\u00eats et vos d\u00e9sirs. Implant\u00e9s \u00e0 Mhamid el Ghizlane, au c\u0153ur du sud-est marocain, nous sommes fiers de notre \u00e9quipe professionnelle de guides multilingues. Laissez vous envo\u00fbter par l&#039;aventure et la culture du d\u00e9sert avec nous.\" \/>\n<meta property=\"og:url\" content=\"https:\/\/www.contesdudesert.com\/en\/contact\/\" \/>\n<meta property=\"og:site_name\" content=\"Contes Du Desert\" \/>\n<meta property=\"article:modified_time\" content=\"2024-06-25T19:55:10+00:00\" \/>\n<meta name=\"twitter:card\" content=\"summary_large_image\" \/>\n<meta name=\"twitter:label1\" content=\"Est. reading time\" \/>\n\t<meta name=\"twitter:data1\" content=\"1 minute\" \/>\n<script type=\"application\/ld+json\" class=\"yoast-schema-graph\">{\"@context\":\"https:\/\/schema.org\",\"@graph\":[{\"@type\":\"WebPage\",\"@id\":\"https:\/\/www.contesdudesert.com\/en\/contact\/\",\"url\":\"https:\/\/www.contesdudesert.com\/en\/contact\/\",\"name\":\"Contact - Contes Du Desert\",\"isPartOf\":{\"@id\":\"https:\/\/www.contesdudesert.com\/#website\"},\"datePublished\":\"2018-09-11T07:10:18+00:00\",\"dateModified\":\"2024-06-25T19:55:10+00:00\",\"description\":\"D\u00e9couvrez les merveilles du d\u00e9sert marocain avec Contes Du D\u00e9sert ! Nos visites guid\u00e9es, allant d'une journ\u00e9e \u00e0 trois semaines, sont con\u00e7ues sur mesure pour satisfaire vos int\u00e9r\u00eats et vos d\u00e9sirs. Implant\u00e9s \u00e0 Mhamid el Ghizlane, au c\u0153ur du sud-est marocain, nous sommes fiers de notre \u00e9quipe professionnelle de guides multilingues. Laissez vous envo\u00fbter par l'aventure et la culture du d\u00e9sert avec nous.\",\"breadcrumb\":{\"@id\":\"https:\/\/www.contesdudesert.com\/en\/contact\/#breadcrumb\"},\"inLanguage\":\"en-US\",\"potentialAction\":[{\"@type\":\"ReadAction\",\"target\":[\"https:\/\/www.contesdudesert.com\/en\/contact\/\"]}]},{\"@type\":\"BreadcrumbList\",\"@id\":\"https:\/\/www.contesdudesert.com\/en\/contact\/#breadcrumb\",\"itemListElement\":[{\"@type\":\"ListItem\",\"position\":1,\"name\":\"Accueil\",\"item\":\"https:\/\/www.contesdudesert.com\/en\/contes-du-desert-trekking-in-desert\/\"},{\"@type\":\"ListItem\",\"position\":2,\"name\":\"Contact\"}]},{\"@type\":\"WebSite\",\"@id\":\"https:\/\/www.contesdudesert.com\/#website\",\"url\":\"https:\/\/www.contesdudesert.com\/\",\"name\":\"Contes Du Desert\",\"description\":\"Maroc Desert Trek pas cher\",\"publisher\":{\"@id\":\"https:\/\/www.contesdudesert.com\/#organization\"},\"potentialAction\":[{\"@type\":\"SearchAction\",\"target\":{\"@type\":\"EntryPoint\",\"urlTemplate\":\"https:\/\/www.contesdudesert.com\/?s={search_term_string}\"},\"query-input\":\"required name=search_term_string\"}],\"inLanguage\":\"en-US\"},{\"@type\":\"Organization\",\"@id\":\"https:\/\/www.contesdudesert.com\/#organization\",\"name\":\"Contes Du Desert\",\"url\":\"https:\/\/www.contesdudesert.com\/\",\"logo\":{\"@type\":\"ImageObject\",\"inLanguage\":\"en-US\",\"@id\":\"https:\/\/www.contesdudesert.com\/#\/schema\/logo\/image\/\",\"url\":\"https:\/\/www.contesdudesert.com\/wp-content\/uploads\/2018\/09\/contes-du-desert-1.png\",\"contentUrl\":\"https:\/\/www.contesdudesert.com\/wp-content\/uploads\/2018\/09\/contes-du-desert-1.png\",\"width\":263,\"height\":86,\"caption\":\"Contes Du Desert\"},\"image\":{\"@id\":\"https:\/\/www.contesdudesert.com\/#\/schema\/logo\/image\/\"}}]}<\/script>\n<!-- \/ Yoast SEO plugin. -->","yoast_head_json":{"title":"Contact - Contes Du Desert","description":"D\u00e9couvrez les merveilles du d\u00e9sert marocain avec Contes Du D\u00e9sert ! Nos visites guid\u00e9es, allant d'une journ\u00e9e \u00e0 trois semaines, sont con\u00e7ues sur mesure pour satisfaire vos int\u00e9r\u00eats et vos d\u00e9sirs. Implant\u00e9s \u00e0 Mhamid el Ghizlane, au c\u0153ur du sud-est marocain, nous sommes fiers de notre \u00e9quipe professionnelle de guides multilingues. Laissez vous envo\u00fbter par l'aventure et la culture du d\u00e9sert avec nous.","robots":{"index":"index","follow":"follow","max-snippet":"max-snippet:-1","max-image-preview":"max-image-preview:large","max-video-preview":"max-video-preview:-1"},"canonical":"https:\/\/www.contesdudesert.com\/en\/contact\/","og_locale":"en_US","og_type":"article","og_title":"Contact - Contes Du Desert","og_description":"D\u00e9couvrez les merveilles du d\u00e9sert marocain avec Contes Du D\u00e9sert ! Nos visites guid\u00e9es, allant d'une journ\u00e9e \u00e0 trois semaines, sont con\u00e7ues sur mesure pour satisfaire vos int\u00e9r\u00eats et vos d\u00e9sirs. Implant\u00e9s \u00e0 Mhamid el Ghizlane, au c\u0153ur du sud-est marocain, nous sommes fiers de notre \u00e9quipe professionnelle de guides multilingues. Laissez vous envo\u00fbter par l'aventure et la culture du d\u00e9sert avec nous.","og_url":"https:\/\/www.contesdudesert.com\/en\/contact\/","og_site_name":"Contes Du Desert","article_modified_time":"2024-06-25T19:55:10+00:00","twitter_card":"summary_large_image","twitter_misc":{"Est. reading time":"1 minute"},"schema":{"@context":"https:\/\/schema.org","@graph":[{"@type":"WebPage","@id":"https:\/\/www.contesdudesert.com\/en\/contact\/","url":"https:\/\/www.contesdudesert.com\/en\/contact\/","name":"Contact - Contes Du Desert","isPartOf":{"@id":"https:\/\/www.contesdudesert.com\/#website"},"datePublished":"2018-09-11T07:10:18+00:00","dateModified":"2024-06-25T19:55:10+00:00","description":"D\u00e9couvrez les merveilles du d\u00e9sert marocain avec Contes Du D\u00e9sert ! Nos visites guid\u00e9es, allant d'une journ\u00e9e \u00e0 trois semaines, sont con\u00e7ues sur mesure pour satisfaire vos int\u00e9r\u00eats et vos d\u00e9sirs. Implant\u00e9s \u00e0 Mhamid el Ghizlane, au c\u0153ur du sud-est marocain, nous sommes fiers de notre \u00e9quipe professionnelle de guides multilingues. Laissez vous envo\u00fbter par l'aventure et la culture du d\u00e9sert avec nous.","breadcrumb":{"@id":"https:\/\/www.contesdudesert.com\/en\/contact\/#breadcrumb"},"inLanguage":"en-US","potentialAction":[{"@type":"ReadAction","target":["https:\/\/www.contesdudesert.com\/en\/contact\/"]}]},{"@type":"BreadcrumbList","@id":"https:\/\/www.contesdudesert.com\/en\/contact\/#breadcrumb","itemListElement":[{"@type":"ListItem","position":1,"name":"Accueil","item":"https:\/\/www.contesdudesert.com\/en\/contes-du-desert-trekking-in-desert\/"},{"@type":"ListItem","position":2,"name":"Contact"}]},{"@type":"WebSite","@id":"https:\/\/www.contesdudesert.com\/#website","url":"https:\/\/www.contesdudesert.com\/","name":"Contes Du Desert","description":"Maroc Desert Trek pas cher","publisher":{"@id":"https:\/\/www.contesdudesert.com\/#organization"},"potentialAction":[{"@type":"SearchAction","target":{"@type":"EntryPoint","urlTemplate":"https:\/\/www.contesdudesert.com\/?s={search_term_string}"},"query-input":"required name=search_term_string"}],"inLanguage":"en-US"},{"@type":"Organization","@id":"https:\/\/www.contesdudesert.com\/#organization","name":"Contes Du Desert","url":"https:\/\/www.contesdudesert.com\/","logo":{"@type":"ImageObject","inLanguage":"en-US","@id":"https:\/\/www.contesdudesert.com\/#\/schema\/logo\/image\/","url":"https:\/\/www.contesdudesert.com\/wp-content\/uploads\/2018\/09\/contes-du-desert-1.png","contentUrl":"https:\/\/www.contesdudesert.com\/wp-content\/uploads\/2018\/09\/contes-du-desert-1.png","width":263,"height":86,"caption":"Contes Du Desert"},"image":{"@id":"https:\/\/www.contesdudesert.com\/#\/schema\/logo\/image\/"}}]}},"_links":{"self":[{"href":"https:\/\/www.contesdudesert.com\/en\/wp-json\/wp\/v2\/pages\/634","targetHints":{"allow":["GET"]}}],"collection":[{"href":"https:\/\/www.contesdudesert.com\/en\/wp-json\/wp\/v2\/pages"}],"about":[{"href":"https:\/\/www.contesdudesert.com\/en\/wp-json\/wp\/v2\/types\/page"}],"author":[{"embeddable":true,"href":"https:\/\/www.contesdudesert.com\/en\/wp-json\/wp\/v2\/users\/1"}],"replies":[{"embeddable":true,"href":"https:\/\/www.contesdudesert.com\/en\/wp-json\/wp\/v2\/comments?post=634"}],"version-history":[{"count":8,"href":"https:\/\/www.contesdudesert.com\/en\/wp-json\/wp\/v2\/pages\/634\/revisions"}],"predecessor-version":[{"id":5508,"href":"https:\/\/www.contesdudesert.com\/en\/wp-json\/wp\/v2\/pages\/634\/revisions\/5508"}],"wp:attachment":[{"href":"https:\/\/www.contesdudesert.com\/en\/wp-json\/wp\/v2\/media?parent=634"}],"curies":[{"name":"wp","href":"https:\/\/api.w.org\/{rel}","templated":true}]}}